{"id":11980,"date":"2025-05-06T08:13:47","date_gmt":"2025-05-06T08:13:47","guid":{"rendered":"https:\/\/masters-rc.com\/moj-ucet\/"},"modified":"2025-07-16T09:40:42","modified_gmt":"2025-07-16T09:40:42","slug":"moj-ucet","status":"publish","type":"page","link":"https:\/\/masters-rc.com\/sk\/moj-ucet\/","title":{"rendered":"M\u00f4j \u00fa\u010det"},"content":{"rendered":"<div class=\"woocommerce\"><\/div>\n","protected":false},"excerpt":{"rendered":"","protected":false},"author":1,"featured_media":0,"parent":0,"menu_order":0,"comment_status":"closed","ping_status":"closed","template":"","meta":{"footnotes":""},"categories":[],"tags":[],"class_list":["post-11980","page","type-page","status-publish","hentry"],"_links":{"self":[{"href":"https:\/\/masters-rc.com\/sk\/wp-json\/wp\/v2\/pages\/11980","targetHints":{"allow":["GET"]}}],"collection":[{"href":"https:\/\/masters-rc.com\/sk\/wp-json\/wp\/v2\/pages"}],"about":[{"href":"https:\/\/masters-rc.com\/sk\/wp-json\/wp\/v2\/types\/page"}],"author":[{"embeddable":true,"href":"https:\/\/masters-rc.com\/sk\/wp-json\/wp\/v2\/users\/1"}],"replies":[{"embeddable":true,"href":"https:\/\/masters-rc.com\/sk\/wp-json\/wp\/v2\/comments?post=11980"}],"version-history":[{"count":0,"href":"https:\/\/masters-rc.com\/sk\/wp-json\/wp\/v2\/pages\/11980\/revisions"}],"wp:attachment":[{"href":"https:\/\/masters-rc.com\/sk\/wp-json\/wp\/v2\/media?parent=11980"}],"wp:term":[{"taxonomy":"category","embeddable":true,"href":"https:\/\/masters-rc.com\/sk\/wp-json\/wp\/v2\/categories?post=11980"},{"taxonomy":"post_tag","embeddable":true,"href":"https:\/\/masters-rc.com\/sk\/wp-json\/wp\/v2\/tags?post=11980"}],"curies":[{"name":"wp","href":"https:\/\/api.w.org\/{rel}","templated":true}]}}