{"id":11954,"date":"2025-05-06T08:13:47","date_gmt":"2025-05-06T08:13:47","guid":{"rendered":"https:\/\/masters-rc.com\/krepselis\/"},"modified":"2025-07-16T09:40:39","modified_gmt":"2025-07-16T09:40:39","slug":"krepselis","status":"publish","type":"page","link":"https:\/\/masters-rc.com\/lt\/krepselis\/","title":{"rendered":"Krep\u0161elis"},"content":{"rendered":"\n<div data-block-name=\"woocommerce\/cart\" class=\"wp-block-woocommerce-cart alignwide is-loading\">\n<div data-block-name=\"woocommerce\/filled-cart-block\" class=\"wp-block-woocommerce-filled-cart-block\">\n<div data-block-name=\"woocommerce\/cart-items-block\" class=\"wp-block-woocommerce-cart-items-block\">\n<div data-block-name=\"woocommerce\/cart-line-items-block\" class=\"wp-block-woocommerce-cart-line-items-block\"><\/div>\n\n\n\n<div data-block-name=\"woocommerce\/cart-cross-sells-block\" class=\"wp-block-woocommerce-cart-cross-sells-block\">\n<h2 class=\"wp-block-heading has-large-font-size\">\u039c\u03c0\u03bf\u03c1\u03b5\u03af \u03bd\u03b1 \u03c3\u03b1\u03c2 \u03b5\u03bd\u03b4\u03b9\u03b1\u03c6\u03ad\u03c1\u03b5\u03b9&#8230;<\/h2>\n\n\n\n<div data-block-name=\"woocommerce\/cart-cross-sells-products-block\" class=\"wp-block-woocommerce-cart-cross-sells-products-block\"><\/div>\n<\/div>\n<\/div>\n\n\n\n<div data-block-name=\"woocommerce\/cart-totals-block\" class=\"wp-block-woocommerce-cart-totals-block\">\n<div data-block-name=\"woocommerce\/cart-order-summary-block\" class=\"wp-block-woocommerce-cart-order-summary-block\">\n<div data-block-name=\"woocommerce\/cart-order-summary-heading-block\" class=\"wp-block-woocommerce-cart-order-summary-heading-block\"><\/div><div data-block-name=\"woocommerce\/cart-order-summary-coupon-form-block\" class=\"wp-block-woocommerce-cart-order-summary-coupon-form-block\"><\/div><div data-block-name=\"woocommerce\/cart-order-summary-totals-block\" class=\"wp-block-woocommerce-cart-order-summary-totals-block\">\n<div data-block-name=\"woocommerce\/cart-order-summary-subtotal-block\" class=\"wp-block-woocommerce-cart-order-summary-subtotal-block\"><\/div>\n<div data-block-name=\"woocommerce\/cart-order-summary-discount-block\" class=\"wp-block-woocommerce-cart-order-summary-discount-block\"><\/div>\n<div data-block-name=\"woocommerce\/cart-order-summary-fee-block\" class=\"wp-block-woocommerce-cart-order-summary-fee-block\"><\/div>\n<div data-block-name=\"woocommerce\/cart-order-summary-shipping-block\" class=\"wp-block-woocommerce-cart-order-summary-shipping-block\"><\/div>\n<div data-block-name=\"woocommerce\/cart-order-summary-taxes-block\" class=\"wp-block-woocommerce-cart-order-summary-taxes-block\"><\/div><\/div>\n<\/div>\n\n\n\n<div data-block-name=\"woocommerce\/cart-express-payment-block\" class=\"wp-block-woocommerce-cart-express-payment-block\"><\/div>\n\n\n\n<div data-block-name=\"woocommerce\/proceed-to-checkout-block\" class=\"wp-block-woocommerce-proceed-to-checkout-block\"><\/div>\n\n\n\n<div data-block-name=\"woocommerce\/cart-accepted-payment-methods-block\" class=\"wp-block-woocommerce-cart-accepted-payment-methods-block\"><\/div>\n<\/div>\n<\/div>\n\n\n\n<div data-block-name=\"woocommerce\/empty-cart-block\" class=\"wp-block-woocommerce-empty-cart-block\">\n<h2 class=\"wp-block-heading has-text-align-center with-empty-cart-icon wc-block-cart__empty-cart__title\">J\u016bs\u0173 krep\u0161elis kol kas tu\u0161\u010dias.<\/h2>\n\n\n\n<hr class=\"wp-block-separator has-alpha-channel-opacity is-style-dots\"\/>\n\n\n\n<h2 class=\"wp-block-heading has-text-align-center\">Naujausi produktai<\/h2>\n\n\n<div data-block-name=\"woocommerce\/product-new\" data-columns=\"4\" data-rows=\"1\" class=\"wc-block-grid wp-block-product-new wp-block-woocommerce-product-new wc-block-product-new has-4-columns\"><ul class=\"wc-block-grid__products\"><li class=\"wc-block-grid__product\">\n\t\t\t\t<a href=\"https:\/\/masters-rc.com\/lt\/product\/elbotics-3-7v-600mah-rechargeable-li-ion-battery-with-usb-charger-sm-2p-connector-spare-battery-pack-for-rc-stunt-cars-double-sided-roll-stunt-rc-car-accessories-elb-s1_600mah-pack-of-2\/\" class=\"wc-block-grid__product-link\">\n\t\t\t\t\t\n\t\t\t\t\t<div class=\"wc-block-grid__product-image\"><img fetchpriority=\"high\" decoding=\"async\" width=\"300\" height=\"300\" src=\"https:\/\/masters-rc.com\/wp-content\/uploads\/2025\/05\/56-removebg-preview-300x300.png\" class=\"attachment-woocommerce_thumbnail size-woocommerce_thumbnail\" alt=\"ELBOTICS\u00ae 3.7V 600mAh Rechargeable Li-ion Battery with USB\" srcset=\"https:\/\/masters-rc.com\/wp-content\/uploads\/2025\/05\/56-removebg-preview-300x300.png 300w, https:\/\/masters-rc.com\/wp-content\/uploads\/2025\/05\/56-removebg-preview-150x150.png 150w, https:\/\/masters-rc.com\/wp-content\/uploads\/2025\/05\/56-removebg-preview-370x370.png 370w, https:\/\/masters-rc.com\/wp-content\/uploads\/2025\/05\/56-removebg-preview-100x100.png 100w, https:\/\/masters-rc.com\/wp-content\/uploads\/2025\/05\/56-removebg-preview.png 500w\" sizes=\"(max-width: 300px) 100vw, 300px\" \/><\/div>\n\t\t\t\t\t<div class=\"wc-block-grid__product-title\">ELBOTICS\u00ae 3.7V 600mAh Rechargeable Li-ion Battery with USB<\/div>\n\t\t\t\t<\/a>\n\t\t\t\t<div class=\"wc-block-grid__product-price price\"><span class=\"woocommerce-Price-amount amount\">1 099,00&nbsp;<span class=\"woocommerce-Price-currencySymbol\">&euro;<\/span><\/span><\/div>\n\t\t\t\t<div class=\"wc-block-grid__product-rating\"><div class=\"star-rating\" role=\"img\" aria-label=\"\u012evertinimas: 4.00 i\u0161 5\"><span style=\"width:80%\">\u012evertinimas: <strong class=\"rating\">4.00<\/strong> i\u0161 5 (viso \u012fvertinim\u0173: <span class=\"rating\">1<\/span>)<\/span><\/div><\/div>\n\t\t\t\t<div class=\"wp-block-button wc-block-grid__product-add-to-cart\"><a href=\"\/lt\/wp-json\/wp\/v2\/pages\/11954?add-to-cart=6672\" aria-label=\"Add to cart: &ldquo;ELBOTICS\u00ae 3.7V 600mAh Rechargeable Li-ion Battery with USB&rdquo;\" data-quantity=\"1\" data-product_id=\"6672\" data-product_sku=\"\" data-price=\"1099\" rel=\"nofollow\" class=\"wp-block-button__link  add_to_cart_button ajax_add_to_cart\">\u012e krep\u0161el\u012f<\/a><\/div>\n\t\t\t<\/li><li class=\"wc-block-grid__product\">\n\t\t\t\t<a href=\"https:\/\/masters-rc.com\/lt\/product\/verilux-mini-3-pro-propeller-for-dji-8pcs-propeller-blades-replacement-for-dji-mini-3-pro-ultral-lightweight-silent-flight-propeller-set-with-screwdriver-12-screws-low-noise-replacement-drone\/\" class=\"wc-block-grid__product-link\">\n\t\t\t\t\t\n\t\t\t\t\t<div class=\"wc-block-grid__product-image\"><img decoding=\"async\" width=\"300\" height=\"300\" src=\"https:\/\/masters-rc.com\/wp-content\/uploads\/2025\/05\/54-300x300.jpg\" class=\"attachment-woocommerce_thumbnail size-woocommerce_thumbnail\" alt=\"Verilux\u00ae Mini 3 Pro Propeller for DJI, 8pcs Propeller Blades Replacement\" srcset=\"https:\/\/masters-rc.com\/wp-content\/uploads\/2025\/05\/54-300x300.jpg 300w, https:\/\/masters-rc.com\/wp-content\/uploads\/2025\/05\/54-150x150.jpg 150w, https:\/\/masters-rc.com\/wp-content\/uploads\/2025\/05\/54-370x370.jpg 370w, https:\/\/masters-rc.com\/wp-content\/uploads\/2025\/05\/54-100x100.jpg 100w, https:\/\/masters-rc.com\/wp-content\/uploads\/2025\/05\/54.jpg 522w\" sizes=\"(max-width: 300px) 100vw, 300px\" \/><\/div>\n\t\t\t\t\t<div class=\"wc-block-grid__product-title\">Verilux\u00ae Mini 3 Pro Propeller for DJI, 8pcs Propeller Blades Replacement<\/div>\n\t\t\t\t<\/a>\n\t\t\t\t<div class=\"wc-block-grid__product-price price\"><span class=\"woocommerce-Price-amount amount\">220,00&nbsp;<span class=\"woocommerce-Price-currencySymbol\">&euro;<\/span><\/span><\/div>\n\t\t\t\t<div class=\"wc-block-grid__product-rating\"><div class=\"star-rating\" role=\"img\" aria-label=\"\u012evertinimas: 5.00 i\u0161 5\"><span style=\"width:100%\">\u012evertinimas: <strong class=\"rating\">5.00<\/strong> i\u0161 5 (viso \u012fvertinim\u0173: <span class=\"rating\">1<\/span>)<\/span><\/div><\/div>\n\t\t\t\t<div class=\"wp-block-button wc-block-grid__product-add-to-cart\"><a href=\"\/lt\/wp-json\/wp\/v2\/pages\/11954?add-to-cart=6640\" aria-label=\"Add to cart: &ldquo;Verilux\u00ae Mini 3 Pro Propeller for DJI, 8pcs Propeller Blades Replacement&rdquo;\" data-quantity=\"1\" data-product_id=\"6640\" data-product_sku=\"\" data-price=\"220\" rel=\"nofollow\" class=\"wp-block-button__link  add_to_cart_button ajax_add_to_cart\">\u012e krep\u0161el\u012f<\/a><\/div>\n\t\t\t<\/li><li class=\"wc-block-grid__product\">\n\t\t\t\t<a href=\"https:\/\/masters-rc.com\/lt\/product\/calandis-rc-plane-landing-gear-wheel-kit-replacement-for-rc-fixed-wing-aircraft-drone-other-rc-parts-accs-rc-model-vehicle-parts-accs-radio-control-control-line\/\" class=\"wc-block-grid__product-link\">\n\t\t\t\t\t\n\t\t\t\t\t<div class=\"wc-block-grid__product-image\"><img decoding=\"async\" width=\"300\" height=\"300\" src=\"https:\/\/masters-rc.com\/wp-content\/uploads\/2025\/05\/53-300x300.jpg\" class=\"attachment-woocommerce_thumbnail size-woocommerce_thumbnail\" alt=\"CALANDIS\u00ae RC Plane Landing Gear Wheel Kit Replacement for RC Fixed\" srcset=\"https:\/\/masters-rc.com\/wp-content\/uploads\/2025\/05\/53-300x300.jpg 300w, https:\/\/masters-rc.com\/wp-content\/uploads\/2025\/05\/53-150x150.jpg 150w, https:\/\/masters-rc.com\/wp-content\/uploads\/2025\/05\/53-370x370.jpg 370w, https:\/\/masters-rc.com\/wp-content\/uploads\/2025\/05\/53-100x100.jpg 100w, https:\/\/masters-rc.com\/wp-content\/uploads\/2025\/05\/53.jpg 522w\" sizes=\"(max-width: 300px) 100vw, 300px\" \/><\/div>\n\t\t\t\t\t<div class=\"wc-block-grid__product-title\">CALANDIS\u00ae RC Plane Landing Gear Wheel Kit Replacement for RC Fixed<\/div>\n\t\t\t\t<\/a>\n\t\t\t\t<div class=\"wc-block-grid__product-price price\"><span class=\"woocommerce-Price-amount amount\">1 200,00&nbsp;<span class=\"woocommerce-Price-currencySymbol\">&euro;<\/span><\/span><\/div>\n\t\t\t\t<div class=\"wc-block-grid__product-rating\"><div class=\"star-rating\" role=\"img\" aria-label=\"\u012evertinimas: 4.00 i\u0161 5\"><span style=\"width:80%\">\u012evertinimas: <strong class=\"rating\">4.00<\/strong> i\u0161 5 (viso \u012fvertinim\u0173: <span class=\"rating\">1<\/span>)<\/span><\/div><\/div>\n\t\t\t\t<div class=\"wp-block-button wc-block-grid__product-add-to-cart\"><a href=\"\/lt\/wp-json\/wp\/v2\/pages\/11954?add-to-cart=6620\" aria-label=\"Add to cart: &ldquo;CALANDIS\u00ae RC Plane Landing Gear Wheel Kit Replacement for RC Fixed&rdquo;\" data-quantity=\"1\" data-product_id=\"6620\" data-product_sku=\"\" data-price=\"1200\" rel=\"nofollow\" class=\"wp-block-button__link  add_to_cart_button ajax_add_to_cart\">\u012e krep\u0161el\u012f<\/a><\/div>\n\t\t\t<\/li><li class=\"wc-block-grid__product\">\n\t\t\t\t<a href=\"https:\/\/masters-rc.com\/lt\/product\/ujeavette-fb-009-3-inch-480x320-display-5-8g-40ch-mini-fpv-40ch-receiver-fpv-goggles\/\" class=\"wc-block-grid__product-link\">\n\t\t\t\t\t\n\t\t\t\t\t<div class=\"wc-block-grid__product-image\"><img loading=\"lazy\" decoding=\"async\" width=\"300\" height=\"300\" src=\"https:\/\/masters-rc.com\/wp-content\/uploads\/2025\/05\/52-300x300.jpg\" class=\"attachment-woocommerce_thumbnail size-woocommerce_thumbnail\" alt=\"UJEAVETTE Fb-009 3 Inch 480X320 Display 5.8G 40Ch Mini FPV 40Ch\" srcset=\"https:\/\/masters-rc.com\/wp-content\/uploads\/2025\/05\/52-300x300.jpg 300w, https:\/\/masters-rc.com\/wp-content\/uploads\/2025\/05\/52-150x150.jpg 150w, https:\/\/masters-rc.com\/wp-content\/uploads\/2025\/05\/52-370x370.jpg 370w, https:\/\/masters-rc.com\/wp-content\/uploads\/2025\/05\/52-100x100.jpg 100w, https:\/\/masters-rc.com\/wp-content\/uploads\/2025\/05\/52.jpg 522w\" sizes=\"(max-width: 300px) 100vw, 300px\" \/><\/div>\n\t\t\t\t\t<div class=\"wc-block-grid__product-title\">UJEAVETTE Fb-009 3 Inch 480X320 Display 5.8G 40Ch Mini FPV 40Ch<\/div>\n\t\t\t\t<\/a>\n\t\t\t\t<div class=\"wc-block-grid__product-price price\"><span class=\"woocommerce-Price-amount amount\">1 200,00&nbsp;<span class=\"woocommerce-Price-currencySymbol\">&euro;<\/span><\/span><\/div>\n\t\t\t\t\n\t\t\t\t<div class=\"wp-block-button wc-block-grid__product-add-to-cart\"><a href=\"\/lt\/wp-json\/wp\/v2\/pages\/11954?add-to-cart=6604\" aria-label=\"Add to cart: &ldquo;UJEAVETTE Fb-009 3 Inch 480X320 Display 5.8G 40Ch Mini FPV 40Ch&rdquo;\" data-quantity=\"1\" data-product_id=\"6604\" data-product_sku=\"\" data-price=\"1200\" rel=\"nofollow\" class=\"wp-block-button__link  add_to_cart_button ajax_add_to_cart\">\u012e krep\u0161el\u012f<\/a><\/div>\n\t\t\t<\/li><\/ul><\/div><\/div>\n<\/div>\n","protected":false},"excerpt":{"rendered":"","protected":false},"author":1,"featured_media":0,"parent":0,"menu_order":0,"comment_status":"closed","ping_status":"closed","template":"","meta":{"footnotes":""},"categories":[],"tags":[],"class_list":["post-11954","page","type-page","status-publish","hentry"],"_links":{"self":[{"href":"https:\/\/masters-rc.com\/lt\/wp-json\/wp\/v2\/pages\/11954","targetHints":{"allow":["GET"]}}],"collection":[{"href":"https:\/\/masters-rc.com\/lt\/wp-json\/wp\/v2\/pages"}],"about":[{"href":"https:\/\/masters-rc.com\/lt\/wp-json\/wp\/v2\/types\/page"}],"author":[{"embeddable":true,"href":"https:\/\/masters-rc.com\/lt\/wp-json\/wp\/v2\/users\/1"}],"replies":[{"embeddable":true,"href":"https:\/\/masters-rc.com\/lt\/wp-json\/wp\/v2\/comments?post=11954"}],"version-history":[{"count":0,"href":"https:\/\/masters-rc.com\/lt\/wp-json\/wp\/v2\/pages\/11954\/revisions"}],"wp:attachment":[{"href":"https:\/\/masters-rc.com\/lt\/wp-json\/wp\/v2\/media?parent=11954"}],"wp:term":[{"taxonomy":"category","embeddable":true,"href":"https:\/\/masters-rc.com\/lt\/wp-json\/wp\/v2\/categories?post=11954"},{"taxonomy":"post_tag","embeddable":true,"href":"https:\/\/masters-rc.com\/lt\/wp-json\/wp\/v2\/tags?post=11954"}],"curies":[{"name":"wp","href":"https:\/\/api.w.org\/{rel}","templated":true}]}}